{"id":18,"date":"2021-04-30T18:52:04","date_gmt":"2021-04-30T16:52:04","guid":{"rendered":"https:\/\/mikheil-chikhladze.de\/?page_id=18"},"modified":"2023-11-20T21:24:25","modified_gmt":"2023-11-20T20:24:25","slug":"impressum","status":"publish","type":"page","link":"https:\/\/mikheil-chikhladze.de\/?page_id=18","title":{"rendered":"Impressum"},"content":{"rendered":"<div class=\"page\" title=\"Page 3\">\n<div class=\"section\">\n<div class=\"layoutArea\">\n<div class=\"column\">\n<div class=\"page\" title=\"Page 3\">\n<div class=\"section\">\n<div class=\"layoutArea\">\n<div class=\"column\">\n<p><strong>Anschrift<\/strong><br \/>\nHerausgeber, Inhaber und inhaltlich, sowie f\u00fcr die Verarbeitung und den Datenschutz Verantwortliche:<\/p>\n<p>Mikheil Chikhladze<br \/>\nWeselerstr. 53<br \/>\n40239 D\u00fcsseldorf<\/p>\n<p>mikheil@mikheil-chikhladze.de<br \/>\nwww.mikheil-chikhladze.de<\/p>\n<p>St.IdNr. 64971335281<\/p>\n<p>&nbsp;<\/p>\n<p><strong>Urheberrecht<\/strong><br \/>\nAlle Inhalte, Texte und Bilder, die Gestaltung und der Aufbau dieses Internet-Angebotes sind urheberrechtlich gesch\u00fctzt. Die hier bereitgestellten Informationen, Texte und Bildmaterialien sind nur f\u00fcr den individuellen Zugriff des Nutzers dieses Internet-Angebotes bestimmt und d\u00fcrfen nur mit meiner Zustimmung vervielf\u00e4ltigt und f\u00fcr gesch\u00e4ftliche Zwecke verwendet werden.<\/p>\n<p><strong>Externe Links<\/strong><br \/>\nDiese Website enth\u00e4lt Links zu externen Websites Dritter, auf deren Inhalte ich keinen Einfluss habe und f\u00fcr die ich trotz sorgf\u00e4ltiger, inhaltlicher Kontrolle keine Haftung \u00fcbernehme. F\u00fcr den Inhalt dieser verlinkten Seiten sind ausschlie\u00dflich deren Betreiber verantwortlich.Die verlinkten Seiten wurden zum Zeitpunkt der Verlinkung auf m\u00f6gliche Rechtsverst\u00f6\u00dfe \u00fcberpr\u00fcft. Rechtswidrige Inhalte waren zum Zeitpunkt der Verlinkung nicht erkennbar.<\/p>\n<p>Mai 2021<\/p>\n<\/div>\n<\/div>\n<\/div>\n<\/div>\n<\/div>\n<\/div>\n<\/div>\n<\/div>\n","protected":false},"excerpt":{"rendered":"<p>Anschrift Herausgeber, Inhaber und inhaltlich, sowie f\u00fcr die Verarbeitung und den Datenschutz Verantwortliche: Mikheil Chikhladze Weselerstr. 53 40239 D\u00fcsseldorf mikheil@mikheil-chikhladze.de www.mikheil-chikhladze.de St.IdNr. 64971335281 &nbsp; Urheberrecht Alle Inhalte, Texte und Bilder, die Gestaltung und der Aufbau dieses Internet-Angebotes sind urheberrechtlich gesch\u00fctzt. Die hier bereitgestellten Informationen, Texte und Bildmaterialien sind nur f\u00fcr den individuellen Zugriff des Nutzers &hellip; <\/p>\n","protected":false},"author":1,"featured_media":0,"parent":0,"menu_order":0,"comment_status":"closed","ping_status":"closed","template":"","meta":{"ngg_post_thumbnail":0,"_vp_format_video_url":"","_vp_image_focal_point":[],"footnotes":""},"class_list":["post-18","page","type-page","status-publish","hentry"],"_links":{"self":[{"href":"https:\/\/mikheil-chikhladze.de\/index.php?rest_route=\/wp\/v2\/pages\/18","targetHints":{"allow":["GET"]}}],"collection":[{"href":"https:\/\/mikheil-chikhladze.de\/index.php?rest_route=\/wp\/v2\/pages"}],"about":[{"href":"https:\/\/mikheil-chikhladze.de\/index.php?rest_route=\/wp\/v2\/types\/page"}],"author":[{"embeddable":true,"href":"https:\/\/mikheil-chikhladze.de\/index.php?rest_route=\/wp\/v2\/users\/1"}],"replies":[{"embeddable":true,"href":"https:\/\/mikheil-chikhladze.de\/index.php?rest_route=%2Fwp%2Fv2%2Fcomments&post=18"}],"version-history":[{"count":13,"href":"https:\/\/mikheil-chikhladze.de\/index.php?rest_route=\/wp\/v2\/pages\/18\/revisions"}],"predecessor-version":[{"id":587,"href":"https:\/\/mikheil-chikhladze.de\/index.php?rest_route=\/wp\/v2\/pages\/18\/revisions\/587"}],"wp:attachment":[{"href":"https:\/\/mikheil-chikhladze.de\/index.php?rest_route=%2Fwp%2Fv2%2Fmedia&parent=18"}],"curies":[{"name":"wp","href":"https:\/\/api.w.org\/{rel}","templated":true}]}}